{"id":104,"date":"2017-01-29T10:05:31","date_gmt":"2017-01-29T09:05:31","guid":{"rendered":"http:\/\/web3671.server24.web4a.de\/claudia-triebe.de\/?page_id=104"},"modified":"2020-01-30T16:33:39","modified_gmt":"2020-01-30T15:33:39","slug":"mein-kursangebot","status":"publish","type":"page","link":"https:\/\/claudia-triebe.de\/?page_id=104","title":{"rendered":"Mein Kursangebot"},"content":{"rendered":"<h6 class=\"p1\"><em><strong>Folgende Kurse kannst Du mit mir in Deinem Studio anbieten:<\/strong><\/em><\/h6>\n<h3 class=\"p1\"><span class=\"s1\"><b>Vinyasa Flow Basic, Level I, I-II, II<\/b><\/span><\/h3>\n<p class=\"p2\"><span class=\"s1\">Komme mit einem kurzen Pranayama bei dir an: Auf deiner Matte, in deinem K\u00f6rper, deinem Geist. Mobilisiere deine Gelenke und flie\u00dfe durch sanfte \u00dcbungsabfolgen (Asanas-Flow). Koordiniere deinen Atem mit der Bewegung, kl\u00e4re deinen Geist. Kr\u00e4ftige, st\u00e4rke deinen K\u00f6rper im intensiven dynamischen Flow. Sinke in dehnende Positionen und finde Ruhe und Gelassenheit. Reflektiere in einer kurzen Meditation deine Praxis und genie\u00dfe die abschlie\u00dfende Entspannung in der Stille.<\/span><\/p>\n<p><img decoding=\"async\" src=\"https:\/\/claudia-triebe.de\/wp-content\/uploads\/2019\/10\/Beinru%CC%88ckseiten-Dehnung-1024x768.jpg\" \/><\/p>\n<hr \/>\n<h3 class=\"p1\"><span class=\"s1\"><b>Power Yoga Flow<\/b><\/span><\/h3>\n<p>Dieser kraftvolle, dynamische Yogastil, individuell auf den Einzelnen ausgerichtet und angepasst, stimuliert und st\u00e4rkt intensiv die Tiefenmuskulatur des K\u00f6rpers. Der Power Flow kombiniert Asanas (Yoga-Haltungen) in einem harmonischen Bewegungsablauf. Die Verbindung der Atmung mit der Bewegung wirkt beruhigend auf den Geist und die Seele. Die \u00dcbenden kr\u00e4ftigen nicht nur den K\u00f6rper sondern erlangen mehr Beweglichkeit, innere Ausgeglichenheit und mentale Gelassenheit. Abschlie\u00dfende ruhende Positionen verteilen die gewonnene Energie im ganzen K\u00f6rper. Gest\u00e4rkt und entspannt kehren die Teilnehmer in den Alltag zur\u00fcck.<\/p>\n<p><img decoding=\"async\" src=\"https:\/\/claudia-triebe.de\/wp-content\/uploads\/2019\/10\/Eka-Pada-Hasta-Padangustasana-768x1024.jpg\" \/><\/p>\n<hr \/>\n<h3 class=\"p1\"><span class=\"s1\"><b>Budokon<\/b><\/span><span class=\"s1\"><b>\u00ae<\/b><\/span><span class=\"s1\"><b>Yoga<\/b><\/span><\/h3>\n<p><strong>Budokon: &#8222;Der Weg des spirituellen Kriegers&#8220;\u00a0<\/strong>(Bu &#8211; der Krieger, Do &#8211; der Weg, \u00a0Kon &#8211; der Geist)<\/p>\n<p class=\"p2\"><span class=\"s1\"><img loading=\"lazy\" decoding=\"async\" class=\"size-medium wp-image-272 alignleft\" src=\"http:\/\/web3671.server24.web4a.de\/claudia-triebe.de\/wp-content\/uploads\/2017\/04\/BudokonKurs001-300x200.jpeg\" alt=\"\" width=\"300\" height=\"200\" srcset=\"https:\/\/claudia-triebe.de\/wp-content\/uploads\/2017\/04\/BudokonKurs001-300x200.jpeg 300w, https:\/\/claudia-triebe.de\/wp-content\/uploads\/2017\/04\/BudokonKurs001-768x512.jpeg 768w, https:\/\/claudia-triebe.de\/wp-content\/uploads\/2017\/04\/BudokonKurs001-1024x683.jpeg 1024w, https:\/\/claudia-triebe.de\/wp-content\/uploads\/2017\/04\/BudokonKurs001.jpeg 1280w\" sizes=\"auto, (max-width: 300px) 100vw, 300px\" \/><\/span><\/p>\n<p class=\"p2\"><span class=\"s1\">Budokon<\/span><span class=\"s1\">\u00aeYoga\u00a0<\/span><span class=\"s1\">verbindet Bewegungsabl\u00e4ufe aus traditionellen Kampfkunststilen mit klassischen Yoga-Elementen. Flie\u00dfe durch eine festgelegte Abfolge von Asanas (Primary Series) und erwecke dein inneres Feuer. Die wiederkehrende Praxis verfeinert deine Bewegungen und entspannt deinen Geist. Der Fluss verwandelt sich in Meditation.<\/span><\/p>\n<p class=\"p2\"><span class=\"s1\">Budokon<\/span><span class=\"s1\">\u00aeYoga schafft sowohl \u00e4u\u00dfere Ver\u00e4nderung (&#8222;Transition&#8220;); der Fluss von einer Haltung in die N\u00e4chste als auch innere Ver\u00e4nderung (&#8222;Transformation&#8220;); die Umwandlung und Erneuerung des Geistes.\u00a0<img loading=\"lazy\" decoding=\"async\" class=\"size-medium wp-image-218 alignright\" src=\"http:\/\/web3671.server24.web4a.de\/claudia-triebe.de\/wp-content\/uploads\/2017\/01\/cropped-BudokonFlyer-5-300x224.jpg\" alt=\"\" width=\"300\" height=\"224\" srcset=\"https:\/\/claudia-triebe.de\/wp-content\/uploads\/2017\/01\/cropped-BudokonFlyer-5-300x224.jpg 300w, https:\/\/claudia-triebe.de\/wp-content\/uploads\/2017\/01\/cropped-BudokonFlyer-5.jpg 429w\" sizes=\"auto, (max-width: 300px) 100vw, 300px\" \/><\/span><\/p>\n<p class=\"p2\">Cameron Shayne ist Begr\u00fcnder der <strong><a href=\"http:\/\/budokon.com\">Budokon\u00aeUniversity<\/a> <\/strong>und des <a href=\"http:\/\/budokon.com\/budokon-academy\/\"><strong>Budokon\u00aeYoga-Stil<\/strong><\/a>. Er ist der Erfinder der <a href=\"https:\/\/www.youtube.com\/watch?v=Q1GUSMPpcBE\"><strong>Budokon\u00aeYoga Primary Series<\/strong><\/a> und entwickelt zusammen mit seiner Frau Melayne die Budokon\u00aeYoga Secondary Series, welche ebenfalls aus sieben Sektionen besteht.<\/p>\n<hr \/>\n<h3 class=\"p1\"><span class=\"s1\"><b>Aerial Yoga<\/b><\/span><\/h3>\n<p class=\"p2\"><span class=\"s1\">Schweben, schwingen, flie\u00dfen: Auch wenn w\u00e4hrend der Praxis hin und wieder ein Ausruf des Erstaunens durch den Yogaraum schallt oder ein verz\u00fccktes L\u00e4cheln sich in die Gesichter der Teilnehmer schleicht, sind die Yoga-\u00dcbungen im und mit dem Tuch nicht zu untersch\u00e4tzen: Sie fordern den gesamten K\u00f6rper, fokussieren den Geist, f\u00f6rdern Balance, Flexibilit\u00e4t und St\u00e4rke.<\/span><\/p>\n<p class=\"p2\"><span class=\"s1\">Nach dem Erlernen der verschiedenen Asanas im Tuch flie\u00dfen die \u00dcbenden mit anmutiger Leichtigkeit und geringem Kraftaufwand durch gelenkschonende Flows. Mutig gleiten sie in Kopfstand, Handstand und weitere Umkehrhaltungen,<span class=\"Apple-converted-space\">\u00a0 <\/span>gewinnen neue Perspektiven und neues Selbstbewusstsein.<\/span><\/p>\n<hr \/>\n<h3 class=\"p1\"><span class=\"s1\"><b>Yin Yoga<\/b><\/span><\/h3>\n<h6 class=\"p1\"><span class=\"s1\"><b>Individuelle Stimulation statt Anspannung<\/b><\/span><\/h6>\n<p class=\"p1\"><span class=\"s1\">Yin Yoga stimuliert die tiefen Gewebeschichten (Faszien, B\u00e4nder, Sehnen) sowie Gelenke und Knochen. Das Gewebe wird befeuchtet und \u201aentklebt\u2019, w\u00e4hrend die Gelenke zu ihrer vollen Beweglichkeit trainiert werden. <\/span><span class=\"s1\">Dies geschieht durch lang (3-5 Minuten) gehaltene Traktionen ohne Muskelanspannung. Es erfolgt eine sanfte Stimulation, welche d<\/span>urch individuell angepasste Positionen f\u00fcr jeden Einzelnen im wohltuenden Ma\u00dfe sp\u00fcrbar wird. Gezielt aber entspannt setzen wir einen Reiz, der auch noch Stunden oder sogar Tage nach der Praxis weiter fort wirkt.<\/p>\n<p><img loading=\"lazy\" decoding=\"async\" class=\"size-medium wp-image-638 alignright\" src=\"http:\/\/web3671.server24.web4a.de\/claudia-triebe.de\/wp-content\/uploads\/2018\/07\/12290083-e1532779825438-300x140.jpg\" alt=\"\" width=\"300\" height=\"140\" srcset=\"https:\/\/claudia-triebe.de\/wp-content\/uploads\/2018\/07\/12290083-e1532779825438-300x140.jpg 300w, https:\/\/claudia-triebe.de\/wp-content\/uploads\/2018\/07\/12290083-e1532779825438-768x359.jpg 768w, https:\/\/claudia-triebe.de\/wp-content\/uploads\/2018\/07\/12290083-e1532779825438-1024x479.jpg 1024w, https:\/\/claudia-triebe.de\/wp-content\/uploads\/2018\/07\/12290083-e1532779825438-750x350.jpg 750w, https:\/\/claudia-triebe.de\/wp-content\/uploads\/2018\/07\/12290083-e1532779825438-642x300.jpg 642w\" sizes=\"auto, (max-width: 300px) 100vw, 300px\" \/><\/p>\n<p class=\"p1\"><span class=\"s1\">Entdecke diesen sanften, stimulierenden Yoga-Stil f\u00fcr deinen K\u00f6rper, f\u00fcr deinen speziellen Knochenbau. Genie\u00dfe \u00a0verschiedene Positionen in ihrer funktionellen Ausrichtung. Lasse dich mit jedem Atemzug tiefer in deine Variation einer Pose hinein sinken. Erfahre individuelles Yoga.<\/span><\/p>\n<p class=\"p1\"><span class=\"s1\">Auch wenn du deine Yang-Praxis liebst, dein K\u00f6rper sowie dein Geist und deine Seele danken dir eine Yin-Praxis und lassen dich geschmeidig und entspannt in den Alltag zur\u00fcckkehren.<\/span><\/p>\n<p><img decoding=\"async\" class=\"aligncenter\" src=\"https:\/\/claudia-triebe.de\/wp-content\/uploads\/2019\/10\/Fersensitz-in-der-Wu%CC%88ste-1024x768.jpg\" \/><\/p>\n<hr \/>\n<h3 class=\"p1\"><strong><span class=\"s1\">Inside Flow\u00aeYoga<\/span><\/strong><\/h3>\n<h6 class=\"p1\"><strong><span class=\"s1\">F\u00fchle die Musik und nutze ihre Kraft.<\/span><\/strong><\/h6>\n<p class=\"p1\"><span class=\"s1\">Young-Ho Kim entwickelte diesen speziellen Yoga-Stil als eine Symbiose von Tradition und Evolution. Eine Choreografie von Asanas zu moderner Musik l\u00e4sst die Teilnehmer Atem- und K\u00f6rperbewegung miteinander verbinden \u00e4hnlich wie im Vinyasa Flow.<\/span><\/p>\n<p class=\"p1\"><span class=\"s1\">Durch eine speziell auf den Takt ausgearbeitete Bewegungsabfolge erscheint der Flow durch die Asanas wie ein Tanz.\u00a0<\/span><\/p>\n<p class=\"p1\"><span class=\"s1\">Bewegend und zugleich spirituell erf\u00e4hrt der Yoga-\u00dcbende in der Wiederholung die einzigartige Verbindung von Takt, Bewegung, Atem, K\u00f6rper und Geist.\u00a0<\/span><\/p>\n<p class=\"p1\"><span class=\"s1\">Die Musik erlaubt es, die <strong>Aufmerksamkeit nach Innen<\/strong> zu lenken und beeinflusst den <strong>emotionalen Ausdruck der Bewegungen<\/strong>. So gestaltet sich der <strong>Inside Flow\u00a0\u00ae<\/strong>\u00a0zu einem unvergesslichen Erlebnis.<\/span><\/p>\n<p><img decoding=\"async\" src=\"https:\/\/claudia-triebe.de\/wp-content\/uploads\/2018\/09\/Claudia-Rockstar-768x1024.jpg\" \/><\/p>\n","protected":false},"excerpt":{"rendered":"<p>Folgende Kurse kannst Du mit mir in Deinem Studio anbieten: Vinyasa Flow Basic, Level I, I-II, II Komme mit einem kurzen Pranayama bei dir an: Auf deiner Matte, in deinem K\u00f6rper, deinem Geist. Mobilisiere deine Gelenke und flie\u00dfe durch sanfte<\/p>\n","protected":false},"author":2,"featured_media":0,"parent":0,"menu_order":0,"comment_status":"closed","ping_status":"closed","template":"","meta":{"footnotes":""},"class_list":["post-104","page","type-page","status-publish","hentry"],"_links":{"self":[{"href":"https:\/\/claudia-triebe.de\/index.php?rest_route=\/wp\/v2\/pages\/104","targetHints":{"allow":["GET"]}}],"collection":[{"href":"https:\/\/claudia-triebe.de\/index.php?rest_route=\/wp\/v2\/pages"}],"about":[{"href":"https:\/\/claudia-triebe.de\/index.php?rest_route=\/wp\/v2\/types\/page"}],"author":[{"embeddable":true,"href":"https:\/\/claudia-triebe.de\/index.php?rest_route=\/wp\/v2\/users\/2"}],"replies":[{"embeddable":true,"href":"https:\/\/claudia-triebe.de\/index.php?rest_route=%2Fwp%2Fv2%2Fcomments&post=104"}],"version-history":[{"count":51,"href":"https:\/\/claudia-triebe.de\/index.php?rest_route=\/wp\/v2\/pages\/104\/revisions"}],"predecessor-version":[{"id":1014,"href":"https:\/\/claudia-triebe.de\/index.php?rest_route=\/wp\/v2\/pages\/104\/revisions\/1014"}],"wp:attachment":[{"href":"https:\/\/claudia-triebe.de\/index.php?rest_route=%2Fwp%2Fv2%2Fmedia&parent=104"}],"curies":[{"name":"wp","href":"https:\/\/api.w.org\/{rel}","templated":true}]}}